{"id":378,"date":"2022-10-05T08:33:24","date_gmt":"2022-10-05T08:33:24","guid":{"rendered":"https:\/\/socialtm.ro\/roof\/?page_id=378"},"modified":"2022-10-05T11:40:55","modified_gmt":"2022-10-05T11:40:55","slug":"grupul-de-actiune-local","status":"publish","type":"page","link":"https:\/\/socialtm.ro\/roof\/grupul-de-actiune-local\/","title":{"rendered":"Grupul de ac\u021biune local URBACT"},"content":{"rendered":"\t\t<div data-elementor-type=\"wp-page\" data-elementor-id=\"378\" class=\"elementor elementor-378\">\n\t\t\t\t\t\t\t\t\t<section class=\"elementor-section elementor-top-section elementor-element elementor-element-38b9ae0 elementor-section-boxed elementor-section-height-default elementor-section-height-default\" data-id=\"38b9ae0\" data-element_type=\"section\">\n\t\t\t\t\t\t<div class=\"elementor-container elementor-column-gap-default\">\n\t\t\t\t\t<div class=\"elementor-column elementor-col-100 elementor-top-column elementor-element elementor-element-c7afb20\" data-id=\"c7afb20\" data-element_type=\"column\">\n\t\t\t<div class=\"elementor-widget-wrap elementor-element-populated\">\n\t\t\t\t\t\t\t\t<div class=\"elementor-element elementor-element-f0e5cf9 elementor-widget elementor-widget-text-editor\" data-id=\"f0e5cf9\" data-element_type=\"widget\" data-widget_type=\"text-editor.default\">\n\t\t\t\t<div class=\"elementor-widget-container\">\n\t\t\t<style>\/*! elementor - v3.6.5 - 27-04-2022 *\/\n.elementor-widget-text-editor.elementor-drop-cap-view-stacked .elementor-drop-cap{background-color:#818a91;color:#fff}.elementor-widget-text-editor.elementor-drop-cap-view-framed .elementor-drop-cap{color:#818a91;border:3px solid;background-color:transparent}.elementor-widget-text-editor:not(.elementor-drop-cap-view-default) .elementor-drop-cap{margin-top:8px}.elementor-widget-text-editor:not(.elementor-drop-cap-view-default) .elementor-drop-cap-letter{width:1em;height:1em}.elementor-widget-text-editor .elementor-drop-cap{float:left;text-align:center;line-height:1;font-size:50px}.elementor-widget-text-editor .elementor-drop-cap-letter{display:inline-block}<\/style>\t\t\t\t<table><thead><tr><td><b>Nume\u00a0<\/b><\/td><td><b>Date de contact<\/b><\/td><td><b>Pagina web<\/b><\/td><\/tr><tr><td>Complex de Servicii Sf. Francisc \u2013 Centrul pentru Persoane f\u0103r\u0103 Ad\u0103post<\/td><td><a href=\"mailto:c.persoanefaraadapost@gmail.com\">c.persoanefaraadapost@gmail.com<\/a><\/td><td><a href=\"https:\/\/socialtm.ro\/complexul-de-servicii-sfantul-francisc\/\">socialtm.ro\/complexul-de-servicii-sfantul-francisc\/<\/a><\/td><\/tr><tr><td>Centrul de Incluziune Social\u0103 \u0219i Rela\u021bia cu Minorit\u0103\u021bile<\/td><td><a href=\"mailto:c.incluziunesociala@gmail.com\">c.incluziunesociala@gmail.com<\/a><\/td><td><a href=\"https:\/\/socialtm.ro\/servicii-de-asistenta-comunitara-centrul-de-incluziune-sociala-si-relatia-cu-minoritatile\/\">socialtm.ro\/servicii-de-asistenta-comunitara-centrul-de-incluziune-sociala-si-relatia-cu-minoritatile\/<\/a><\/td><\/tr><tr><td>Centrul de Suport pentru Situa\u021bii de Urgen\u021b\u0103\/Criz\u0103<\/td><td><a href=\"mailto:c.primireurgenta@gmail.com\">c.primireurgenta@gmail.com<\/a><\/td><td><a href=\"https:\/\/socialtm.ro\/complexul-de-servicii-sfantul-francisc\/\">socialtm.ro\/complexul-de-servicii-sfantul-francisc\/<\/a><\/td><\/tr><tr><td>Complex de Servicii pentru Persoane Adulte cu Dizabilit\u0103\u021bi<\/td><td><a href=\"mailto:cc.handicap@gmail.com\">cc.handicap@gmail.com<\/a><\/td><td><a href=\"https:\/\/socialtm.ro\/complex-de-servicii-pentru-persoane-adulte-cu-dizabilitati-2\/\">socialtm.ro\/complex-de-servicii-pentru-persoane-adulte-cu-dizabilitati-2\/<\/a><\/td><\/tr><tr><td>Servicii Management de Caz pentru Copil \u0219i Familie<\/td><td><a href=\"mailto:protectiacopilului.tm@gmail.com\">protectiacopilului.tm@gmail.com<\/a><\/td><td><a href=\"https:\/\/socialtm.ro\/servicii-de-management-de-caz-pentru-copil-si-familie\/\">socialtm.ro\/servicii-de-management-de-caz-pentru-copil-si-familie\/<\/a><\/td><\/tr><tr><td>Federa\u021bia Caritas a Diecezei Timi\u0219oara<\/td><td><a href=\"mailto:aziluldenoapte_tm@yahoo.ro\">aziluldenoapte_tm@yahoo.ro<\/a><\/td><td><a href=\"https:\/\/federatia-caritas.ro\/\">federatia-caritas.ro\/<\/a><\/td><\/tr><tr><td>Arhiepiscopia Timi\u0219oara<\/td><td><a href=\"mailto:secretariat@arhiepiscopiatimisoarei.ro\">secretariat@arhiepiscopiatimisoarei.ro<\/a><\/td><td><a href=\"https:\/\/mitropolia-banatului.ro\/\">mitropolia-banatului.ro\/<\/a><\/td><\/tr><tr><td>Spitalul Jude\u021bean de Urgen\u021b\u0103 Pius Br\u00eenzeu\u00a0 Timi\u0219oara<\/td><td><a href=\"mailto:judetean@hosptm.ro\">judetean@hosptm.ro<\/a><\/td><td><a href=\"https:\/\/www.hosptm.ro\/\">www.hosptm.ro\/<\/a><\/td><\/tr><tr><td>Spitalul Clinic Municipal Timi\u0219oara<\/td><td><a href=\"mailto:secretariat@smtm.ro\">secretariat@smtm.ro<\/a><\/td><td><a href=\"https:\/\/www.spitalul-municipal-timisoara.ro\/\">www.spitalul-municipal-timisoara.ro\/<\/a><\/td><\/tr><tr><td>Direc\u021bia Patrimoniu din cadrul Prim\u0103riei Municipiului Timi\u0219oara<\/td><td><a href=\"mailto:mihai.boncea@primariatm.ro\">mihai.boncea@primariatm.ro<\/a><\/td><td><a href=\"https:\/\/www.primariatm.ro\/patrimoniu\/\">www.primariatm.ro\/patrimoniu\/<\/a><\/td><\/tr><tr><td>Penitenciarul Timi\u0219oara<\/td><td><a href=\"mailto:comunicare.online.ptimisoara@anp.gov.ro\">comunicare.online.ptimisoara@anp.gov.ro<\/a><\/td><td><a href=\"https:\/\/anp.gov.ro\/penitenciarul-timisoara\">anp.gov.ro\/penitenciarul-timisoara<\/a><\/td><\/tr><tr><td>Universitatea de Veste Timi\u0219oara \u2013 Facultatea de Sociologie \u0219i Psihologie, Departamentul de Asisten\u021b\u0103 Social\u0103<\/td><td><a href=\"mailto:loredana.tranca@e-uvt.ro\">loredana.tranca@e-uvt.ro<\/a><\/td><td><a href=\"https:\/\/www.uvt.ro\">www.uvt.ro<\/a><\/td><\/tr><tr><td>Agen\u021bia Jude\u021bean\u0103 de Ocupare a For\u021bei de Munc\u0103 Timi\u0219<\/td><td><a href=\"mailto:ajofm@tm.anofm.ro\">ajofm@tm.anofm.ro<\/a><\/td><td><a href=\"http:\/\/www.timis.anofm.ro\/publ\">www.timis.anofm.ro\/publ<\/a><\/td><\/tr><tr><td>Funda\u021bia Timi\u0219oara 89<\/td><td><a href=\"mailto:fundatia.tm89@gmail.com\">fundatia.tm89@gmail.com<\/a><\/td><td><a href=\"https:\/\/timisoara89.ro\/\">timisoara89.ro\/<\/a><\/td><\/tr><tr><td>Funda\u021bia de Abilitare Speran\u021ba prin programul Unloc<\/td><td><a href=\"mailto:roxana@unloc.eu\">roxana@unloc.eu<\/a><\/td><td><a href=\"https:\/\/www.fundatia-speranta.ro\/\">www.fundatia-speranta.ro\/<\/a><\/td><\/tr><tr><td>Direc\u021bia Poli\u021bia Local\u0103 a Municipiului Timi\u0219oara<\/td><td><a href=\"mailto:contact@politialoctm.ro\">contact@politialoctm.ro<\/a><\/td><td><a href=\"https:\/\/politialoctm.ro\/\">politialoctm.ro\/<\/a><\/td><\/tr><tr><td>Inspectoratul de Poli\u021bie Jude\u021bean Timi\u0219<\/td><td><a href=\"mailto:office@tm.politiaromana.ro\">office@tm.politiaromana.ro<\/a><\/td><td><a href=\"https:\/\/tm.politiaromana.ro\/\">tm.politiaromana.ro\/<\/a><\/td><\/tr><tr><td>Centrul de S\u0103n\u0103tate Mintal\u0103 Timi\u0219oara<\/td><td><a href=\"mailto:csm@hosptm.ro\">csm@hosptm.ro<\/a><\/td><td><a href=\"https:\/\/www.hosptm.ro\/sectiile-spitalului\/centru-sanatate-mintala\/\">www.hosptm.ro\/sectiile-spitalului\/centru-sanatate-mintala\/<\/a><\/td><\/tr><tr><td>Funda\u021bia Pentru Voi Timi\u0219oara<\/td><td><a href=\"mailto:pentruvoi@pentruvoi.ro\">pentruvoi@pentruvoi.ro<\/a><\/td><td><a href=\"https:\/\/pentruvoi.ro\/\">pentruvoi.ro\/<\/a><\/td><\/tr><\/thead><\/table>\t\t\t\t\t\t<\/div>\n\t\t\t\t<\/div>\n\t\t\t\t\t<\/div>\n\t\t<\/div>\n\t\t\t\t\t\t\t<\/div>\n\t\t<\/section>\n\t\t\t\t\t\t\t<\/div>\n\t\t","protected":false},"excerpt":{"rendered":"<p>Nume\u00a0 Date de contact Pagina web Complex de Servicii Sf. Francisc \u2013 Centrul pentru Persoane f\u0103r\u0103 Ad\u0103post c.persoanefaraadapost@gmail.com socialtm.ro\/complexul-de-servicii-sfantul-francisc\/ Centrul de Incluziune Social\u0103 \u0219i Rela\u021bia cu Minorit\u0103\u021bile c.incluziunesociala@gmail.com socialtm.ro\/servicii-de-asistenta-comunitara-centrul-de-incluziune-sociala-si-relatia-cu-minoritatile\/ Centrul de Suport pentru Situa\u021bii de Urgen\u021b\u0103\/Criz\u0103 c.primireurgenta@gmail.com socialtm.ro\/complexul-de-servicii-sfantul-francisc\/ Complex de Servicii pentru Persoane Adulte cu Dizabilit\u0103\u021bi cc.handicap@gmail.com socialtm.ro\/complex-de-servicii-pentru-persoane-adulte-cu-dizabilitati-2\/ Servicii Management de Caz pentru Copil \u0219i [&hellip;]<\/p>\n","protected":false},"author":2,"featured_media":0,"parent":0,"menu_order":0,"comment_status":"closed","ping_status":"closed","template":"","meta":{"footnotes":""},"class_list":["post-378","page","type-page","status-publish","hentry"],"_links":{"self":[{"href":"https:\/\/socialtm.ro\/roof\/wp-json\/wp\/v2\/pages\/378","targetHints":{"allow":["GET"]}}],"collection":[{"href":"https:\/\/socialtm.ro\/roof\/wp-json\/wp\/v2\/pages"}],"about":[{"href":"https:\/\/socialtm.ro\/roof\/wp-json\/wp\/v2\/types\/page"}],"author":[{"embeddable":true,"href":"https:\/\/socialtm.ro\/roof\/wp-json\/wp\/v2\/users\/2"}],"replies":[{"embeddable":true,"href":"https:\/\/socialtm.ro\/roof\/wp-json\/wp\/v2\/comments?post=378"}],"version-history":[{"count":13,"href":"https:\/\/socialtm.ro\/roof\/wp-json\/wp\/v2\/pages\/378\/revisions"}],"predecessor-version":[{"id":430,"href":"https:\/\/socialtm.ro\/roof\/wp-json\/wp\/v2\/pages\/378\/revisions\/430"}],"wp:attachment":[{"href":"https:\/\/socialtm.ro\/roof\/wp-json\/wp\/v2\/media?parent=378"}],"curies":[{"name":"wp","href":"https:\/\/api.w.org\/{rel}","templated":true}]}}