{"id":189,"date":"2022-03-14T14:59:33","date_gmt":"2022-03-14T14:59:33","guid":{"rendered":"https:\/\/socialtm.ro\/roof\/?page_id=189"},"modified":"2022-03-14T15:06:33","modified_gmt":"2022-03-14T15:06:33","slug":"ghidul-housing-first","status":"publish","type":"page","link":"https:\/\/socialtm.ro\/roof\/ghidul-housing-first\/","title":{"rendered":"Ghidul Housing First"},"content":{"rendered":"\t\t<div data-elementor-type=\"wp-page\" data-elementor-id=\"189\" class=\"elementor elementor-189\">\n\t\t\t\t\t\t\t\t\t<section class=\"elementor-section elementor-top-section elementor-element elementor-element-7b4e970 elementor-section-boxed elementor-section-height-default elementor-section-height-default\" data-id=\"7b4e970\" data-element_type=\"section\">\n\t\t\t\t\t\t<div class=\"elementor-container elementor-column-gap-default\">\n\t\t\t\t\t<div class=\"elementor-column elementor-col-50 elementor-top-column elementor-element elementor-element-dad9b4a\" data-id=\"dad9b4a\" data-element_type=\"column\">\n\t\t\t<div class=\"elementor-widget-wrap elementor-element-populated\">\n\t\t\t\t\t\t\t\t<div class=\"elementor-element elementor-element-8bb7d5c elementor-widget elementor-widget-heading\" data-id=\"8bb7d5c\" data-element_type=\"widget\" data-widget_type=\"heading.default\">\n\t\t\t\t<div class=\"elementor-widget-container\">\n\t\t\t<style>\/*! elementor - v3.6.5 - 27-04-2022 *\/\n.elementor-heading-title{padding:0;margin:0;line-height:1}.elementor-widget-heading .elementor-heading-title[class*=elementor-size-]>a{color:inherit;font-size:inherit;line-height:inherit}.elementor-widget-heading .elementor-heading-title.elementor-size-small{font-size:15px}.elementor-widget-heading .elementor-heading-title.elementor-size-medium{font-size:19px}.elementor-widget-heading .elementor-heading-title.elementor-size-large{font-size:29px}.elementor-widget-heading .elementor-heading-title.elementor-size-xl{font-size:39px}.elementor-widget-heading .elementor-heading-title.elementor-size-xxl{font-size:59px}<\/style><h2 class=\"elementor-heading-title elementor-size-default\">Bun venit la Ghidul Housing First<\/h2>\t\t<\/div>\n\t\t\t\t<\/div>\n\t\t\t\t<div class=\"elementor-element elementor-element-c6b7928 elementor-widget elementor-widget-text-editor\" data-id=\"c6b7928\" data-element_type=\"widget\" data-widget_type=\"text-editor.default\">\n\t\t\t\t<div class=\"elementor-widget-container\">\n\t\t\t<style>\/*! elementor - v3.6.5 - 27-04-2022 *\/\n.elementor-widget-text-editor.elementor-drop-cap-view-stacked .elementor-drop-cap{background-color:#818a91;color:#fff}.elementor-widget-text-editor.elementor-drop-cap-view-framed .elementor-drop-cap{color:#818a91;border:3px solid;background-color:transparent}.elementor-widget-text-editor:not(.elementor-drop-cap-view-default) .elementor-drop-cap{margin-top:8px}.elementor-widget-text-editor:not(.elementor-drop-cap-view-default) .elementor-drop-cap-letter{width:1em;height:1em}.elementor-widget-text-editor .elementor-drop-cap{float:left;text-align:center;line-height:1;font-size:50px}.elementor-widget-text-editor .elementor-drop-cap-letter{display:inline-block}<\/style>\t\t\t\t<p>Acest Ghid este o resurs\u0103 pentru proiectul Housing First \u00een Europa. A fost realizat pentru a explica ce \u00eenseamn\u0103 Housing First \u0219i cum se aplic\u0103 \u00een diferite contexte din \u021b\u0103rile europene. El stabile\u0219te principiile de baz\u0103 ale proiectului \u0219i arat\u0103 cum acestea sunt implementate \u00een diferite medii.<\/p>\t\t\t\t\t\t<\/div>\n\t\t\t\t<\/div>\n\t\t\t\t<div class=\"elementor-element elementor-element-04cb910 elementor-widget elementor-widget-heading\" data-id=\"04cb910\" data-element_type=\"widget\" data-widget_type=\"heading.default\">\n\t\t\t\t<div class=\"elementor-widget-container\">\n\t\t\t<h5 class=\"elementor-heading-title elementor-size-default\">Descar\u0103 ghidul aici:<\/h5>\t\t<\/div>\n\t\t\t\t<\/div>\n\t\t\t\t<section class=\"elementor-section elementor-inner-section elementor-element elementor-element-0403ee9 elementor-section-boxed elementor-section-height-default elementor-section-height-default\" data-id=\"0403ee9\" data-element_type=\"section\">\n\t\t\t\t\t\t<div class=\"elementor-container elementor-column-gap-default\">\n\t\t\t\t\t<div class=\"elementor-column elementor-col-50 elementor-inner-column elementor-element elementor-element-efed62e\" data-id=\"efed62e\" data-element_type=\"column\">\n\t\t\t<div class=\"elementor-widget-wrap elementor-element-populated\">\n\t\t\t\t\t\t\t\t<div class=\"elementor-element elementor-element-ca34b18 elementor-widget elementor-widget-button\" data-id=\"ca34b18\" data-element_type=\"widget\" data-widget_type=\"button.default\">\n\t\t\t\t<div class=\"elementor-widget-container\">\n\t\t\t\t\t<div class=\"elementor-button-wrapper\">\n\t\t\t<a href=\"https:\/\/socialtm.ro\/roof\/wp-content\/uploads\/2022\/02\/Housing-First-Guide_RO.pdf\" target=\"_blank\" class=\"elementor-button-link elementor-button elementor-size-sm\" role=\"button\">\n\t\t\t\t\t\t<span class=\"elementor-button-content-wrapper\">\n\t\t\t\t\t\t\t<span class=\"elementor-button-icon elementor-align-icon-left\">\n\t\t\t\t<i aria-hidden=\"true\" class=\"far fa-file-pdf\"><\/i>\t\t\t<\/span>\n\t\t\t\t\t\t<span class=\"elementor-button-text\">Rom\u00e2n\u0103<\/span>\n\t\t<\/span>\n\t\t\t\t\t<\/a>\n\t\t<\/div>\n\t\t\t\t<\/div>\n\t\t\t\t<\/div>\n\t\t\t\t\t<\/div>\n\t\t<\/div>\n\t\t\t\t<div class=\"elementor-column elementor-col-50 elementor-inner-column elementor-element elementor-element-70480b3\" data-id=\"70480b3\" data-element_type=\"column\">\n\t\t\t<div class=\"elementor-widget-wrap elementor-element-populated\">\n\t\t\t\t\t\t\t\t<div class=\"elementor-element elementor-element-7b30fdb elementor-widget elementor-widget-button\" data-id=\"7b30fdb\" data-element_type=\"widget\" data-widget_type=\"button.default\">\n\t\t\t\t<div class=\"elementor-widget-container\">\n\t\t\t\t\t<div class=\"elementor-button-wrapper\">\n\t\t\t<a href=\"https:\/\/socialtm.ro\/roof\/wp-content\/uploads\/2022\/03\/Housing-Frist-Guide_EN.pdf\" target=\"_blank\" class=\"elementor-button-link elementor-button elementor-size-sm\" role=\"button\">\n\t\t\t\t\t\t<span class=\"elementor-button-content-wrapper\">\n\t\t\t\t\t\t\t<span class=\"elementor-button-icon elementor-align-icon-left\">\n\t\t\t\t<i aria-hidden=\"true\" class=\"far fa-file-pdf\"><\/i>\t\t\t<\/span>\n\t\t\t\t\t\t<span class=\"elementor-button-text\">English<\/span>\n\t\t<\/span>\n\t\t\t\t\t<\/a>\n\t\t<\/div>\n\t\t\t\t<\/div>\n\t\t\t\t<\/div>\n\t\t\t\t\t<\/div>\n\t\t<\/div>\n\t\t\t\t\t\t\t<\/div>\n\t\t<\/section>\n\t\t\t\t\t<\/div>\n\t\t<\/div>\n\t\t\t\t<div class=\"elementor-column elementor-col-50 elementor-top-column elementor-element elementor-element-6d4459f\" data-id=\"6d4459f\" data-element_type=\"column\">\n\t\t\t<div class=\"elementor-widget-wrap elementor-element-populated\">\n\t\t\t\t\t\t\t\t<div class=\"elementor-element elementor-element-3685fdd elementor-widget elementor-widget-image\" data-id=\"3685fdd\" data-element_type=\"widget\" data-widget_type=\"image.default\">\n\t\t\t\t<div class=\"elementor-widget-container\">\n\t\t\t<style>\/*! elementor - v3.6.5 - 27-04-2022 *\/\n.elementor-widget-image{text-align:center}.elementor-widget-image a{display:inline-block}.elementor-widget-image a img[src$=\".svg\"]{width:48px}.elementor-widget-image img{vertical-align:middle;display:inline-block}<\/style>\t\t\t\t\t\t\t\t\t\t\t\t<img loading=\"lazy\" decoding=\"async\" width=\"800\" height=\"600\" src=\"https:\/\/socialtm.ro\/roof\/wp-content\/uploads\/2022\/03\/Captura\u0306-de-ecran-din-2022-03-14-la-17.04.22-1024x768.png\" class=\"attachment-large size-large\" alt=\"\" srcset=\"https:\/\/socialtm.ro\/roof\/wp-content\/uploads\/2022\/03\/Captura\u0306-de-ecran-din-2022-03-14-la-17.04.22-1024x768.png 1024w, https:\/\/socialtm.ro\/roof\/wp-content\/uploads\/2022\/03\/Captura\u0306-de-ecran-din-2022-03-14-la-17.04.22-300x225.png 300w, https:\/\/socialtm.ro\/roof\/wp-content\/uploads\/2022\/03\/Captura\u0306-de-ecran-din-2022-03-14-la-17.04.22-768x576.png 768w, https:\/\/socialtm.ro\/roof\/wp-content\/uploads\/2022\/03\/Captura\u0306-de-ecran-din-2022-03-14-la-17.04.22.png 1200w\" sizes=\"auto, (max-width: 800px) 100vw, 800px\" \/>\t\t\t\t\t\t\t\t\t\t\t\t\t\t\t<\/div>\n\t\t\t\t<\/div>\n\t\t\t\t\t<\/div>\n\t\t<\/div>\n\t\t\t\t\t\t\t<\/div>\n\t\t<\/section>\n\t\t\t\t\t\t\t<\/div>\n\t\t","protected":false},"excerpt":{"rendered":"<p>Bun venit la Ghidul Housing First Acest Ghid este o resurs\u0103 pentru proiectul Housing First \u00een Europa. A fost realizat pentru a explica ce \u00eenseamn\u0103 Housing First \u0219i cum se aplic\u0103 \u00een diferite contexte din \u021b\u0103rile europene. El stabile\u0219te principiile de baz\u0103 ale proiectului \u0219i arat\u0103 cum acestea sunt implementate \u00een diferite medii. Descar\u0103 ghidul [&hellip;]<\/p>\n","protected":false},"author":1,"featured_media":0,"parent":0,"menu_order":0,"comment_status":"closed","ping_status":"closed","template":"","meta":{"footnotes":""},"class_list":["post-189","page","type-page","status-publish","hentry"],"_links":{"self":[{"href":"https:\/\/socialtm.ro\/roof\/wp-json\/wp\/v2\/pages\/189","targetHints":{"allow":["GET"]}}],"collection":[{"href":"https:\/\/socialtm.ro\/roof\/wp-json\/wp\/v2\/pages"}],"about":[{"href":"https:\/\/socialtm.ro\/roof\/wp-json\/wp\/v2\/types\/page"}],"author":[{"embeddable":true,"href":"https:\/\/socialtm.ro\/roof\/wp-json\/wp\/v2\/users\/1"}],"replies":[{"embeddable":true,"href":"https:\/\/socialtm.ro\/roof\/wp-json\/wp\/v2\/comments?post=189"}],"version-history":[{"count":25,"href":"https:\/\/socialtm.ro\/roof\/wp-json\/wp\/v2\/pages\/189\/revisions"}],"predecessor-version":[{"id":217,"href":"https:\/\/socialtm.ro\/roof\/wp-json\/wp\/v2\/pages\/189\/revisions\/217"}],"wp:attachment":[{"href":"https:\/\/socialtm.ro\/roof\/wp-json\/wp\/v2\/media?parent=189"}],"curies":[{"name":"wp","href":"https:\/\/api.w.org\/{rel}","templated":true}]}}