{"id":170,"date":"2022-02-07T11:28:03","date_gmt":"2022-02-07T11:28:03","guid":{"rendered":"https:\/\/socialtm.ro\/roof\/?page_id=170"},"modified":"2022-02-15T11:25:29","modified_gmt":"2022-02-15T11:25:29","slug":"ce-este-housing-first","status":"publish","type":"page","link":"https:\/\/socialtm.ro\/roof\/ce-este-housing-first\/","title":{"rendered":"Ce este Housing First"},"content":{"rendered":"\t\t<div data-elementor-type=\"wp-page\" data-elementor-id=\"170\" class=\"elementor elementor-170\">\n\t\t\t\t\t\t\t\t\t<section class=\"elementor-section elementor-top-section elementor-element elementor-element-8ad25ec elementor-section-boxed elementor-section-height-default elementor-section-height-default\" data-id=\"8ad25ec\" data-element_type=\"section\" data-settings=\"{&quot;background_background&quot;:&quot;slideshow&quot;,&quot;background_slideshow_gallery&quot;:[{&quot;id&quot;:172,&quot;url&quot;:&quot;https:\\\/\\\/socialtm.ro\\\/roof\\\/wp-content\\\/uploads\\\/2022\\\/02\\\/ce-este-housing-first.png&quot;}],&quot;background_slideshow_slide_duration&quot;:5000,&quot;background_slideshow_slide_transition&quot;:&quot;fade&quot;,&quot;background_slideshow_transition_duration&quot;:500}\">\n\t\t\t\t\t\t<div class=\"elementor-container elementor-column-gap-default\">\n\t\t\t\t\t<div class=\"elementor-column elementor-col-50 elementor-top-column elementor-element elementor-element-1d42232\" data-id=\"1d42232\" data-element_type=\"column\">\n\t\t\t<div class=\"elementor-widget-wrap\">\n\t\t\t\t\t\t\t\t\t<\/div>\n\t\t<\/div>\n\t\t\t\t<div class=\"elementor-column elementor-col-50 elementor-top-column elementor-element elementor-element-f7c7d3c\" data-id=\"f7c7d3c\" data-element_type=\"column\" data-settings=\"{&quot;background_background&quot;:&quot;classic&quot;}\">\n\t\t\t<div class=\"elementor-widget-wrap elementor-element-populated\">\n\t\t\t\t\t\t\t\t<div class=\"elementor-element elementor-element-094c940 elementor-widget elementor-widget-heading\" data-id=\"094c940\" data-element_type=\"widget\" data-widget_type=\"heading.default\">\n\t\t\t\t<div class=\"elementor-widget-container\">\n\t\t\t<style>\/*! elementor - v3.6.5 - 27-04-2022 *\/\n.elementor-heading-title{padding:0;margin:0;line-height:1}.elementor-widget-heading .elementor-heading-title[class*=elementor-size-]>a{color:inherit;font-size:inherit;line-height:inherit}.elementor-widget-heading .elementor-heading-title.elementor-size-small{font-size:15px}.elementor-widget-heading .elementor-heading-title.elementor-size-medium{font-size:19px}.elementor-widget-heading .elementor-heading-title.elementor-size-large{font-size:29px}.elementor-widget-heading .elementor-heading-title.elementor-size-xl{font-size:39px}.elementor-widget-heading .elementor-heading-title.elementor-size-xxl{font-size:59px}<\/style><h2 class=\"elementor-heading-title elementor-size-default\">Ce este Housing First?<\/h2>\t\t<\/div>\n\t\t\t\t<\/div>\n\t\t\t\t<div class=\"elementor-element elementor-element-025829e elementor-widget elementor-widget-text-editor\" data-id=\"025829e\" data-element_type=\"widget\" data-widget_type=\"text-editor.default\">\n\t\t\t\t<div class=\"elementor-widget-container\">\n\t\t\t<style>\/*! elementor - v3.6.5 - 27-04-2022 *\/\n.elementor-widget-text-editor.elementor-drop-cap-view-stacked .elementor-drop-cap{background-color:#818a91;color:#fff}.elementor-widget-text-editor.elementor-drop-cap-view-framed .elementor-drop-cap{color:#818a91;border:3px solid;background-color:transparent}.elementor-widget-text-editor:not(.elementor-drop-cap-view-default) .elementor-drop-cap{margin-top:8px}.elementor-widget-text-editor:not(.elementor-drop-cap-view-default) .elementor-drop-cap-letter{width:1em;height:1em}.elementor-widget-text-editor .elementor-drop-cap{float:left;text-align:center;line-height:1;font-size:50px}.elementor-widget-text-editor .elementor-drop-cap-letter{display:inline-block}<\/style>\t\t\t\t<p>\u00cen cazul multor servicii dedicate persoanelor f\u0103r\u0103 ad\u0103post, prima a\u0219teptare este ca aceste persoane s\u0103 demonstreze c\u0103 sunt capabile s\u0103 se \u00eengrijeasc\u0103 singure, asta \u00eenainte de a primi o locuin\u021b\u0103.<\/p><p>\u00cen cazul Housing First, locuin\u021ba este prima resurs\u0103 pus\u0103 la dispozi\u021bia persoanelor, este punctul de plecare mai mult dec\u00e2t un obiectiv, odat\u0103 cu sprijinul politicilor \u0219i practicilor potrivite. A\u0219a cum spune \u0219i numele, serviciul Housing First furnizeaz\u0103 o locuin\u021b\u0103 cu c\u00e2t mai repede posibil, f\u0103r\u0103 condi\u021bion\u0103 ca \u0219i abstinen\u021ba fa\u021b\u0103 de droguri sau alcool. Asta \u00eenseamn\u0103 c\u0103 beneficiarii programului Housing First au un control m\u0103rit fa\u021b\u0103 de suportul \u0219i resursele pe care le primesc, inclusiv \u0219i fa\u021b\u0103 de decizia de a primi sau nu diferite servicii de suport.<\/p>\t\t\t\t\t\t<\/div>\n\t\t\t\t<\/div>\n\t\t\t\t\t<\/div>\n\t\t<\/div>\n\t\t\t\t\t\t\t<\/div>\n\t\t<\/section>\n\t\t\t\t<section class=\"elementor-section elementor-top-section elementor-element elementor-element-456d844 elementor-section-boxed elementor-section-height-default elementor-section-height-default\" data-id=\"456d844\" data-element_type=\"section\" data-settings=\"{&quot;background_background&quot;:&quot;classic&quot;}\">\n\t\t\t\t\t\t<div class=\"elementor-container elementor-column-gap-default\">\n\t\t\t\t\t<div class=\"elementor-column elementor-col-100 elementor-top-column elementor-element elementor-element-fc67a72\" data-id=\"fc67a72\" data-element_type=\"column\">\n\t\t\t<div class=\"elementor-widget-wrap elementor-element-populated\">\n\t\t\t\t\t\t\t\t<div class=\"elementor-element elementor-element-e0222db elementor-widget elementor-widget-heading\" data-id=\"e0222db\" data-element_type=\"widget\" data-widget_type=\"heading.default\">\n\t\t\t\t<div class=\"elementor-widget-container\">\n\t\t\t<h2 class=\"elementor-heading-title elementor-size-default\">\u0218tiai c\u0103?<\/h2>\t\t<\/div>\n\t\t\t\t<\/div>\n\t\t\t\t<div class=\"elementor-element elementor-element-419cb77 elementor-widget elementor-widget-text-editor\" data-id=\"419cb77\" data-element_type=\"widget\" data-widget_type=\"text-editor.default\">\n\t\t\t\t<div class=\"elementor-widget-container\">\n\t\t\t\t\t\t\t<p>\u00cen fiecare noapte, aproximativ 700.000 de persoane sunt f\u0103r\u0103 ad\u0103post \u00een Europa.<\/p>\t\t\t\t\t\t<\/div>\n\t\t\t\t<\/div>\n\t\t\t\t\t<\/div>\n\t\t<\/div>\n\t\t\t\t\t\t\t<\/div>\n\t\t<\/section>\n\t\t\t\t<section class=\"elementor-section elementor-top-section elementor-element elementor-element-94a4588 elementor-section-boxed elementor-section-height-default elementor-section-height-default\" data-id=\"94a4588\" data-element_type=\"section\">\n\t\t\t\t\t\t<div class=\"elementor-container elementor-column-gap-default\">\n\t\t\t\t\t<div class=\"elementor-column elementor-col-50 elementor-top-column elementor-element elementor-element-4821fe1\" data-id=\"4821fe1\" data-element_type=\"column\" data-settings=\"{&quot;background_background&quot;:&quot;classic&quot;}\">\n\t\t\t<div class=\"elementor-widget-wrap\">\n\t\t\t\t\t\t\t\t\t<\/div>\n\t\t<\/div>\n\t\t\t\t<div class=\"elementor-column elementor-col-50 elementor-top-column elementor-element elementor-element-69f4656\" data-id=\"69f4656\" data-element_type=\"column\">\n\t\t\t<div class=\"elementor-widget-wrap elementor-element-populated\">\n\t\t\t\t\t\t\t\t<div class=\"elementor-element elementor-element-df18a7f elementor-widget elementor-widget-heading\" data-id=\"df18a7f\" data-element_type=\"widget\" data-widget_type=\"heading.default\">\n\t\t\t\t<div class=\"elementor-widget-container\">\n\t\t\t<h2 class=\"elementor-heading-title elementor-size-default\">Principiile Housing First<\/h2>\t\t<\/div>\n\t\t\t\t<\/div>\n\t\t\t\t\t<\/div>\n\t\t<\/div>\n\t\t\t\t\t\t\t<\/div>\n\t\t<\/section>\n\t\t\t\t<section class=\"elementor-section elementor-top-section elementor-element elementor-element-c55487a elementor-section-boxed elementor-section-height-default elementor-section-height-default\" data-id=\"c55487a\" data-element_type=\"section\">\n\t\t\t\t\t\t<div class=\"elementor-container elementor-column-gap-default\">\n\t\t\t\t\t<div class=\"elementor-column elementor-col-100 elementor-top-column elementor-element elementor-element-63c926d\" data-id=\"63c926d\" data-element_type=\"column\">\n\t\t\t<div class=\"elementor-widget-wrap elementor-element-populated\">\n\t\t\t\t\t\t\t\t<div class=\"elementor-element elementor-element-9eb7099 elementor-widget elementor-widget-text-editor\" data-id=\"9eb7099\" data-element_type=\"widget\" data-widget_type=\"text-editor.default\">\n\t\t\t\t<div class=\"elementor-widget-container\">\n\t\t\t\t\t\t\t<p>\u00cen Europa exist\u0103 8 Principii de Baz\u0103 pe care Housing First se bazeaz\u0103<\/p>\t\t\t\t\t\t<\/div>\n\t\t\t\t<\/div>\n\t\t\t\t<div class=\"elementor-element elementor-element-3fe0f28 elementor-widget elementor-widget-image\" data-id=\"3fe0f28\" data-element_type=\"widget\" data-widget_type=\"image.default\">\n\t\t\t\t<div class=\"elementor-widget-container\">\n\t\t\t<style>\/*! elementor - v3.6.5 - 27-04-2022 *\/\n.elementor-widget-image{text-align:center}.elementor-widget-image a{display:inline-block}.elementor-widget-image a img[src$=\".svg\"]{width:48px}.elementor-widget-image img{vertical-align:middle;display:inline-block}<\/style>\t\t\t\t\t\t\t\t\t\t\t\t<img loading=\"lazy\" decoding=\"async\" width=\"800\" height=\"366\" src=\"https:\/\/socialtm.ro\/roof\/wp-content\/uploads\/2022\/02\/principii-de-baza-1024x468.jpg\" class=\"attachment-large size-large\" alt=\"\" srcset=\"https:\/\/socialtm.ro\/roof\/wp-content\/uploads\/2022\/02\/principii-de-baza-1024x468.jpg 1024w, https:\/\/socialtm.ro\/roof\/wp-content\/uploads\/2022\/02\/principii-de-baza-300x137.jpg 300w, https:\/\/socialtm.ro\/roof\/wp-content\/uploads\/2022\/02\/principii-de-baza-768x351.jpg 768w, https:\/\/socialtm.ro\/roof\/wp-content\/uploads\/2022\/02\/principii-de-baza-1536x702.jpg 1536w, https:\/\/socialtm.ro\/roof\/wp-content\/uploads\/2022\/02\/principii-de-baza.jpg 1808w\" sizes=\"auto, (max-width: 800px) 100vw, 800px\" \/>\t\t\t\t\t\t\t\t\t\t\t\t\t\t\t<\/div>\n\t\t\t\t<\/div>\n\t\t\t\t\t<\/div>\n\t\t<\/div>\n\t\t\t\t\t\t\t<\/div>\n\t\t<\/section>\n\t\t\t\t<section class=\"elementor-section elementor-top-section elementor-element elementor-element-263f46b elementor-section-boxed elementor-section-height-default elementor-section-height-default\" data-id=\"263f46b\" data-element_type=\"section\">\n\t\t\t\t\t\t<div class=\"elementor-container elementor-column-gap-default\">\n\t\t\t\t\t<div class=\"elementor-column elementor-col-50 elementor-top-column elementor-element elementor-element-efb18c7\" data-id=\"efb18c7\" data-element_type=\"column\" data-settings=\"{&quot;background_background&quot;:&quot;classic&quot;}\">\n\t\t\t<div class=\"elementor-widget-wrap\">\n\t\t\t\t\t\t\t\t\t<\/div>\n\t\t<\/div>\n\t\t\t\t<div class=\"elementor-column elementor-col-50 elementor-top-column elementor-element elementor-element-63eda44\" data-id=\"63eda44\" data-element_type=\"column\">\n\t\t\t<div class=\"elementor-widget-wrap elementor-element-populated\">\n\t\t\t\t\t\t\t\t<div class=\"elementor-element elementor-element-af94a7c elementor-widget elementor-widget-heading\" data-id=\"af94a7c\" data-element_type=\"widget\" data-widget_type=\"heading.default\">\n\t\t\t\t<div class=\"elementor-widget-container\">\n\t\t\t<h2 class=\"elementor-heading-title elementor-size-default\">Cui \u00eei este destinat Housing First<\/h2>\t\t<\/div>\n\t\t\t\t<\/div>\n\t\t\t\t\t<\/div>\n\t\t<\/div>\n\t\t\t\t\t\t\t<\/div>\n\t\t<\/section>\n\t\t\t\t<section class=\"elementor-section elementor-top-section elementor-element elementor-element-ec63e16 elementor-section-boxed elementor-section-height-default elementor-section-height-default\" data-id=\"ec63e16\" data-element_type=\"section\">\n\t\t\t\t\t\t<div class=\"elementor-container elementor-column-gap-default\">\n\t\t\t\t\t<div class=\"elementor-column elementor-col-100 elementor-top-column elementor-element elementor-element-654ac18\" data-id=\"654ac18\" data-element_type=\"column\">\n\t\t\t<div class=\"elementor-widget-wrap elementor-element-populated\">\n\t\t\t\t\t\t\t\t<div class=\"elementor-element elementor-element-2219e35 elementor-widget elementor-widget-text-editor\" data-id=\"2219e35\" data-element_type=\"widget\" data-widget_type=\"text-editor.default\">\n\t\t\t\t<div class=\"elementor-widget-container\">\n\t\t\t\t\t\t\t<p class=\"p1\">Housing First este destinat persoanelor f\u0103r\u0103 ad\u0103post sau expuse riscului de a r\u0103m\u00e2ne f\u0103r\u0103 unul (persoane care urmeaz\u0103 s\u0103 fie eliberate din institu\u021bii, spitale, case de copii, \u00eenchisori, etc), furniz\u00e2nd acestora o solu\u021bie locativ\u0103 \u0219i suport pentru propriile nevoi. Acest suport poate fi ajutor pentru accesarea de beneficii sociale, aloca\u021bii pentru locuin\u021b\u0103, consiliere pentru gestionarea datoriilor, formare profesional\u0103 (sau instruire), p\u00e2n\u0103 la sprijin \u00een gestionarea dependen\u021bei de substan\u021be, s\u0103n\u0103tate fizic\u0103 \u0219i psihic\u0103, recuperare \u0219i altele.<span class=\"Apple-converted-space\">\u00a0<\/span><\/p><p class=\"p1\">Rezultatele spun c\u0103 solu\u021biile Housing First sunt eficiente pentru persoanele f\u0103r\u0103 ad\u0103post pe perioade lungi sau repetate, c\u0103rora le lipse\u0219te, dincolo de orice, suportul social (din partea familiei sau prietenilor).<\/p><p class=\"p1\">Solu\u021biile Housing First pot fi adaptate nevoilor specifice popula\u021biei f\u0103r\u0103 ad\u0103post. De exemplu, tinerilor, care au nevoi diferite fa\u021b\u0103 de adul\u021bi, caz \u00een care filosofia este adresat\u0103 acestora, sub denumirea de \u201dHousing First for Youth\u201d.<\/p>\t\t\t\t\t\t<\/div>\n\t\t\t\t<\/div>\n\t\t\t\t\t<\/div>\n\t\t<\/div>\n\t\t\t\t\t\t\t<\/div>\n\t\t<\/section>\n\t\t\t\t\t\t\t<\/div>\n\t\t","protected":false},"excerpt":{"rendered":"<p>Ce este Housing First? \u00cen cazul multor servicii dedicate persoanelor f\u0103r\u0103 ad\u0103post, prima a\u0219teptare este ca aceste persoane s\u0103 demonstreze c\u0103 sunt capabile s\u0103 se \u00eengrijeasc\u0103 singure, asta \u00eenainte de a primi o locuin\u021b\u0103. \u00cen cazul Housing First, locuin\u021ba este prima resurs\u0103 pus\u0103 la dispozi\u021bia persoanelor, este punctul de plecare mai mult dec\u00e2t un obiectiv, [&hellip;]<\/p>\n","protected":false},"author":1,"featured_media":0,"parent":0,"menu_order":0,"comment_status":"closed","ping_status":"closed","template":"","meta":{"footnotes":""},"class_list":["post-170","page","type-page","status-publish","hentry"],"_links":{"self":[{"href":"https:\/\/socialtm.ro\/roof\/wp-json\/wp\/v2\/pages\/170","targetHints":{"allow":["GET"]}}],"collection":[{"href":"https:\/\/socialtm.ro\/roof\/wp-json\/wp\/v2\/pages"}],"about":[{"href":"https:\/\/socialtm.ro\/roof\/wp-json\/wp\/v2\/types\/page"}],"author":[{"embeddable":true,"href":"https:\/\/socialtm.ro\/roof\/wp-json\/wp\/v2\/users\/1"}],"replies":[{"embeddable":true,"href":"https:\/\/socialtm.ro\/roof\/wp-json\/wp\/v2\/comments?post=170"}],"version-history":[{"count":13,"href":"https:\/\/socialtm.ro\/roof\/wp-json\/wp\/v2\/pages\/170\/revisions"}],"predecessor-version":[{"id":188,"href":"https:\/\/socialtm.ro\/roof\/wp-json\/wp\/v2\/pages\/170\/revisions\/188"}],"wp:attachment":[{"href":"https:\/\/socialtm.ro\/roof\/wp-json\/wp\/v2\/media?parent=170"}],"curies":[{"name":"wp","href":"https:\/\/api.w.org\/{rel}","templated":true}]}}