{"id":4077,"date":"2024-11-18T14:19:52","date_gmt":"2024-11-18T14:19:52","guid":{"rendered":"https:\/\/socialtm.ro\/CARE4U\/?page_id=4077"},"modified":"2024-11-21T09:20:59","modified_gmt":"2024-11-21T07:20:59","slug":"ce-invatam","status":"publish","type":"page","link":"https:\/\/socialtm.ro\/CARE4U\/ce-invatam\/","title":{"rendered":"Ce s\u0103 \u00eenv\u0103\u021b\u0103m?"},"content":{"rendered":"\t\t<div data-elementor-type=\"wp-page\" data-elementor-id=\"4077\" class=\"elementor elementor-4077\">\n\t\t\t\t<div class=\"elementor-element elementor-element-a6eef85 e-flex e-con-boxed e-con e-parent\" data-id=\"a6eef85\" data-element_type=\"container\" data-e-type=\"container\">\n\t\t\t\t\t<div class=\"e-con-inner\">\n\t\t\t\t<div class=\"elementor-element elementor-element-53dc52d elementor-widget elementor-widget-text-editor\" data-id=\"53dc52d\" data-element_type=\"widget\" data-e-type=\"widget\" data-widget_type=\"text-editor.default\">\n\t\t\t\t<div class=\"elementor-widget-container\">\n\t\t\t\t\t\t\t\t\t<p>\u0218tim c\u0103 timpul vostru liber este limitat \u0219i imprevizibil a\u0219a c\u0103 vom crea \u0219i publica aici resurse educa\u021bionale care s\u0103 v\u0103 ajute s\u0103 c\u0103p\u0103ta\u021bi diferite micro-competen\u021be \u00een mod rapid, pe care s\u0103 le pute\u021bi accesa oric\u00e2nd ave\u021bi un pic de timp, de pe orice dispozitiv.<\/p>\t\t\t\t\t\t\t\t<\/div>\n\t\t\t\t<\/div>\n\t\t\t\t\t<\/div>\n\t\t\t\t<\/div>\n\t\t<div class=\"elementor-element elementor-element-b40be74 e-flex e-con-boxed e-con e-parent\" data-id=\"b40be74\" data-element_type=\"container\" data-e-type=\"container\">\n\t\t\t\t\t<div class=\"e-con-inner\">\n\t\t\t\t<div class=\"elementor-element elementor-element-894a1a5 uael-post__link-complete-yes uael-post__filter-align-center uael-post__content-align-left elementor-widget elementor-widget-uael-posts\" data-id=\"894a1a5\" data-element_type=\"widget\" data-e-type=\"widget\" data-settings=\"{&quot;business_show_filters&quot;:&quot;yes&quot;,&quot;business_slides_to_show&quot;:3,&quot;business_slides_to_show_tablet&quot;:2,&quot;business_slides_to_show_mobile&quot;:1}\" data-widget_type=\"uael-posts.business\">\n\t\t\t\t<div class=\"elementor-widget-container\">\n\t\t\t\t\t\t\t<div class=\"uael-post__header\">\n\t\t\t\t\t<div class=\"uael-post__header-filters-wrap\">\n\t\t\t<ul class=\"uael-post__header-filters\" aria-label=\"Taxonomy Filter\">\n\t\t\t\t<li class=\"uael-post__header-filter uael-filter__current\" data-filter=\"*\">Toate<\/li>\n\t\t\t\t\t\t\t\t<li class=\"uael-post__header-filter\" data-filter=\".competente-it\" tabindex=\"0\">competente IT<\/li>\n\t\t\t\t\t\t\t\t<li class=\"uael-post__header-filter\" data-filter=\".comunicare\" tabindex=\"0\">comunicare<\/li>\n\t\t\t\t\t\t\t\t<li class=\"uael-post__header-filter\" data-filter=\".hu\" tabindex=\"0\">hu<\/li>\n\t\t\t\t\t\t\t\t<li class=\"uael-post__header-filter\" data-filter=\".limba-engleza\" tabindex=\"0\">limba engleza<\/li>\n\t\t\t\t\t\t\t\t<li class=\"uael-post__header-filter\" data-filter=\".ro\" tabindex=\"0\">ro<\/li>\n\t\t\t\t\t\t\t<\/ul>\n\n\t\t\t\t\t<\/div>\n\t\t\t\t<\/div>\n\t\t<div class=\"uael-post__body\">\n\t\t\t\n\t\t\n\t\t<div class=\"uael-blog-terms-position-media uael-post-image-top uael-post-grid uael-posts\" data-query-type=\"custom\" data-structure=\"masonry\" data-layout=\"masonry\" data-page=\"4077\" data-skin=\"business\" data-filter-default=\"Toate\" data-offset-top=\"30\" >\n\n\t\t\t\t\t\t\t<div class=\"uael-post-grid__inner uael-post__columns-3 uael-post__columns-tablet-2 uael-post__columns-mobile-1 uael-post-masonry\">\n\t\t\t\n\n<div class=\"uael-post-wrapper comunicare ro  comunicare ro \">\n\t<div class=\"uael-post__bg-wrap uael-bg-wrap-disabled\">\n\n\t\t\t\t\t<a href=\"https:\/\/socialtm.ro\/CARE4U\/storrytelling-comunicare-2\/\" target=\"_blank\" class=\"uael-post__complete-box-overlay\" aria-label=\"Link Complete Box\"><\/a>\n\t\t\t\t\n\t\t<div class=\"uael-post__inner-wrap uael-inner-wrap-disabled\">\n\n\t\t\t\t<div class=\"uael-post__thumbnail\">\n\t\t\t\n\t\t\t<a href=\"https:\/\/socialtm.ro\/CARE4U\/storrytelling-comunicare-2\/\" target=\"_blank\" title=\"Storrytelling &#8211; comunicare 2\"><img fetchpriority=\"high\" decoding=\"async\" width=\"1000\" height=\"667\" src=\"https:\/\/socialtm.ro\/CARE4U\/wp-content\/uploads\/2024\/11\/rb_954-e1732108367792.png\" class=\"attachment-full size-full wp-image-4179\" alt=\"\" \/><\/a>\n\t\t\t<span class=\"uael-post__terms\"><span class=\"uael-listing__terms-link\">comunicare<\/span><\/span>\t\t<\/div>\n\t\t\n\t\t\t\n\t\t\t<div class=\"uael-post__content-wrap uael-content-wrap-disabled\">\n\t\t\t\t\t\t<h4 class=\"uael-post__title\">\n\n\t\t\n\t\t\t\t\t\t<a href=\"https:\/\/socialtm.ro\/CARE4U\/storrytelling-comunicare-2\/\" target=\"_blank\">\n\t\t\t\tStorrytelling &#8211; comunicare 2\t\t\t<\/a>\n\n\t\t\t\t<\/h4>\n\t\t<div class=\"uael-post__separator-wrap\"><div class=\"uael-post__separator uael-post__gradient-separator\"><\/div><\/div>\t\t\t<\/div>\n\t\t\t\n\t\t<\/div>\n\t\t\n\t<\/div>\n\n<\/div>\n\n\n<div class=\"uael-post-wrapper competente-it ro  competente-it ro \">\n\t<div class=\"uael-post__bg-wrap uael-bg-wrap-disabled\">\n\n\t\t\t\t\t<a href=\"https:\/\/socialtm.ro\/CARE4U\/cum-facem-prezentari\/\" target=\"_blank\" class=\"uael-post__complete-box-overlay\" aria-label=\"Link Complete Box\"><\/a>\n\t\t\t\t\n\t\t<div class=\"uael-post__inner-wrap uael-inner-wrap-disabled\">\n\n\t\t\t\t<div class=\"uael-post__thumbnail\">\n\t\t\t\n\t\t\t<a href=\"https:\/\/socialtm.ro\/CARE4U\/cum-facem-prezentari\/\" target=\"_blank\" title=\"Cum facem prezent\u0103ri\"><img decoding=\"async\" width=\"1000\" height=\"667\" src=\"https:\/\/socialtm.ro\/CARE4U\/wp-content\/uploads\/2024\/11\/rb_131-e1732109047726.png\" class=\"attachment-full size-full wp-image-4186\" alt=\"\" \/><\/a>\n\t\t\t<span class=\"uael-post__terms\"><span class=\"uael-listing__terms-link\">competente IT<\/span><\/span>\t\t<\/div>\n\t\t\n\t\t\t\n\t\t\t<div class=\"uael-post__content-wrap uael-content-wrap-disabled\">\n\t\t\t\t\t\t<h4 class=\"uael-post__title\">\n\n\t\t\n\t\t\t\t\t\t<a href=\"https:\/\/socialtm.ro\/CARE4U\/cum-facem-prezentari\/\" target=\"_blank\">\n\t\t\t\tCum facem prezent\u0103ri\t\t\t<\/a>\n\n\t\t\t\t<\/h4>\n\t\t<div class=\"uael-post__separator-wrap\"><div class=\"uael-post__separator uael-post__gradient-separator\"><\/div><\/div>\t\t\t<\/div>\n\t\t\t\n\t\t<\/div>\n\t\t\n\t<\/div>\n\n<\/div>\n\n\n<div class=\"uael-post-wrapper comunicare hu  comunicare hu \">\n\t<div class=\"uael-post__bg-wrap uael-bg-wrap-disabled\">\n\n\t\t\t\t\t<a href=\"https:\/\/socialtm.ro\/CARE4U\/comunicare-korinta\/\" target=\"_blank\" class=\"uael-post__complete-box-overlay\" aria-label=\"Link Complete Box\"><\/a>\n\t\t\t\t\n\t\t<div class=\"uael-post__inner-wrap uael-inner-wrap-disabled\">\n\n\t\t\t\t<div class=\"uael-post__thumbnail\">\n\t\t\t\n\t\t\t<a href=\"https:\/\/socialtm.ro\/CARE4U\/comunicare-korinta\/\" target=\"_blank\" title=\"Comunicare &#8211; Korinta\"><img decoding=\"async\" width=\"900\" height=\"900\" src=\"https:\/\/socialtm.ro\/CARE4U\/wp-content\/uploads\/2024\/07\/storrytelling-e1738743991961.png\" class=\"attachment-full size-full wp-image-4364\" alt=\"\" \/><\/a>\n\t\t\t<span class=\"uael-post__terms\"><span class=\"uael-listing__terms-link\">comunicare<\/span><\/span>\t\t<\/div>\n\t\t\n\t\t\t\n\t\t\t<div class=\"uael-post__content-wrap uael-content-wrap-disabled\">\n\t\t\t\t\t\t<h4 class=\"uael-post__title\">\n\n\t\t\n\t\t\t\t\t\t<a href=\"https:\/\/socialtm.ro\/CARE4U\/comunicare-korinta\/\" target=\"_blank\">\n\t\t\t\tComunicare &#8211; Korinta\t\t\t<\/a>\n\n\t\t\t\t<\/h4>\n\t\t<div class=\"uael-post__separator-wrap\"><div class=\"uael-post__separator uael-post__gradient-separator\"><\/div><\/div>\t\t\t<\/div>\n\t\t\t\n\t\t<\/div>\n\t\t\n\t<\/div>\n\n<\/div>\n\n\n<div class=\"uael-post-wrapper comunicare hu  comunicare hu \">\n\t<div class=\"uael-post__bg-wrap uael-bg-wrap-disabled\">\n\n\t\t\t\t\t<a href=\"https:\/\/socialtm.ro\/CARE4U\/storytelling-1-korinta\/\" target=\"_blank\" class=\"uael-post__complete-box-overlay\" aria-label=\"Link Complete Box\"><\/a>\n\t\t\t\t\n\t\t<div class=\"uael-post__inner-wrap uael-inner-wrap-disabled\">\n\n\t\t\t\t<div class=\"uael-post__thumbnail\">\n\t\t\t\n\t\t\t<a href=\"https:\/\/socialtm.ro\/CARE4U\/storytelling-1-korinta\/\" target=\"_blank\" title=\"Storytelling 1 &#8211; Korinta\"><img decoding=\"async\" width=\"900\" height=\"900\" src=\"https:\/\/socialtm.ro\/CARE4U\/wp-content\/uploads\/2024\/07\/storrytelling-e1738743991961.png\" class=\"attachment-full size-full wp-image-4364\" alt=\"\" \/><\/a>\n\t\t\t<span class=\"uael-post__terms\"><span class=\"uael-listing__terms-link\">comunicare<\/span><\/span>\t\t<\/div>\n\t\t\n\t\t\t\n\t\t\t<div class=\"uael-post__content-wrap uael-content-wrap-disabled\">\n\t\t\t\t\t\t<h4 class=\"uael-post__title\">\n\n\t\t\n\t\t\t\t\t\t<a href=\"https:\/\/socialtm.ro\/CARE4U\/storytelling-1-korinta\/\" target=\"_blank\">\n\t\t\t\tStorytelling 1 &#8211; Korinta\t\t\t<\/a>\n\n\t\t\t\t<\/h4>\n\t\t<div class=\"uael-post__separator-wrap\"><div class=\"uael-post__separator uael-post__gradient-separator\"><\/div><\/div>\t\t\t<\/div>\n\t\t\t\n\t\t<\/div>\n\t\t\n\t<\/div>\n\n<\/div>\n\n\n<div class=\"uael-post-wrapper comunicare hu  comunicare hu \">\n\t<div class=\"uael-post__bg-wrap uael-bg-wrap-disabled\">\n\n\t\t\t\t\t<a href=\"https:\/\/socialtm.ro\/CARE4U\/storytelling-2-korinta\/\" target=\"_blank\" class=\"uael-post__complete-box-overlay\" aria-label=\"Link Complete Box\"><\/a>\n\t\t\t\t\n\t\t<div class=\"uael-post__inner-wrap uael-inner-wrap-disabled\">\n\n\t\t\t\t<div class=\"uael-post__thumbnail\">\n\t\t\t\n\t\t\t<a href=\"https:\/\/socialtm.ro\/CARE4U\/storytelling-2-korinta\/\" target=\"_blank\" title=\"Storytelling 2 &#8211; Korinta\"><img decoding=\"async\" width=\"900\" height=\"900\" src=\"https:\/\/socialtm.ro\/CARE4U\/wp-content\/uploads\/2024\/07\/storrytelling-e1738743991961.png\" class=\"attachment-full size-full wp-image-4364\" alt=\"\" \/><\/a>\n\t\t\t<span class=\"uael-post__terms\"><span class=\"uael-listing__terms-link\">comunicare<\/span><\/span>\t\t<\/div>\n\t\t\n\t\t\t\n\t\t\t<div class=\"uael-post__content-wrap uael-content-wrap-disabled\">\n\t\t\t\t\t\t<h4 class=\"uael-post__title\">\n\n\t\t\n\t\t\t\t\t\t<a href=\"https:\/\/socialtm.ro\/CARE4U\/storytelling-2-korinta\/\" target=\"_blank\">\n\t\t\t\tStorytelling 2 &#8211; Korinta\t\t\t<\/a>\n\n\t\t\t\t<\/h4>\n\t\t<div class=\"uael-post__separator-wrap\"><div class=\"uael-post__separator uael-post__gradient-separator\"><\/div><\/div>\t\t\t<\/div>\n\t\t\t\n\t\t<\/div>\n\t\t\n\t<\/div>\n\n<\/div>\n\n\n<div class=\"uael-post-wrapper comunicare hu  comunicare hu \">\n\t<div class=\"uael-post__bg-wrap uael-bg-wrap-disabled\">\n\n\t\t\t\t\t<a href=\"https:\/\/socialtm.ro\/CARE4U\/storytelling-korinta\/\" target=\"_blank\" class=\"uael-post__complete-box-overlay\" aria-label=\"Link Complete Box\"><\/a>\n\t\t\t\t\n\t\t<div class=\"uael-post__inner-wrap uael-inner-wrap-disabled\">\n\n\t\t\t\t<div class=\"uael-post__thumbnail\">\n\t\t\t\n\t\t\t<a href=\"https:\/\/socialtm.ro\/CARE4U\/storytelling-korinta\/\" target=\"_blank\" title=\"Storytelling 3 &#8211; Korinta\"><img decoding=\"async\" width=\"900\" height=\"900\" src=\"https:\/\/socialtm.ro\/CARE4U\/wp-content\/uploads\/2024\/07\/storrytelling-e1738743991961.png\" class=\"attachment-full size-full wp-image-4364\" alt=\"\" \/><\/a>\n\t\t\t<span class=\"uael-post__terms\"><span class=\"uael-listing__terms-link\">comunicare<\/span><\/span>\t\t<\/div>\n\t\t\n\t\t\t\n\t\t\t<div class=\"uael-post__content-wrap uael-content-wrap-disabled\">\n\t\t\t\t\t\t<h4 class=\"uael-post__title\">\n\n\t\t\n\t\t\t\t\t\t<a href=\"https:\/\/socialtm.ro\/CARE4U\/storytelling-korinta\/\" target=\"_blank\">\n\t\t\t\tStorytelling 3 &#8211; Korinta\t\t\t<\/a>\n\n\t\t\t\t<\/h4>\n\t\t<div class=\"uael-post__separator-wrap\"><div class=\"uael-post__separator uael-post__gradient-separator\"><\/div><\/div>\t\t\t<\/div>\n\t\t\t\n\t\t<\/div>\n\t\t\n\t<\/div>\n\n<\/div>\n\t\t\t\t<\/div>\n\t\t\t\t\t\t\n\t\t<\/div>\n\n\t\t\t\t\t\t<\/div>\n\t\t<div class=\"uael-post__footer\">\n\t\t\t\t\t\t<nav class=\"uael-grid-pagination\"  role=\"navigation\" aria-label=\"Pagination\" data-total=\"2\" data-next-page=\"2\">\n\t\t\t\t<span aria-current=\"page\" class=\"page-numbers current\">1<\/span>\n<a class=\"page-numbers\" href=\"https:\/\/socialtm.ro\/CARE4U\/wp-json\/wp\/v2\/pages\/4077\/page\/2\/\">2<\/a>\n<a class=\"next page-numbers\" href=\"https:\/\/socialtm.ro\/CARE4U\/wp-json\/wp\/v2\/pages\/4077\/page\/2\/\">Urm\u0103tor &raquo;<\/a>\t\t\t<\/nav>\n\t\t\t\t\t<\/div>\n\t\t\t\t\t\t<\/div>\n\t\t\t\t<\/div>\n\t\t\t\t\t<\/div>\n\t\t\t\t<\/div>\n\t\t<div class=\"elementor-element elementor-element-7035150 e-con-full e-flex e-con e-parent\" data-id=\"7035150\" data-element_type=\"container\" data-e-type=\"container\">\n\t\t\t\t<div class=\"elementor-element elementor-element-596aa99 elementor-widget elementor-widget-text-editor\" data-id=\"596aa99\" data-element_type=\"widget\" data-e-type=\"widget\" data-widget_type=\"text-editor.default\">\n\t\t\t\t<div class=\"elementor-widget-container\">\n\t\t\t\t\t\t\t\t\t<h3 class=\"F9yp7e ikZYwf LgNcQe\" dir=\"auto\" style=\"text-align: center;\" role=\"heading\" aria-level=\"1\">Lipse\u0219te ceva?<\/h3><p>A\u0219tetp\u0103m pe <strong><a href=\"https:\/\/socialtm.ro\/CARE4U\/comunitate\/\" target=\"_blank\" rel=\"noopener\">FORUM<\/a><\/strong> propunerile voastre pentru orice ale mini-cursuri\/ ghiduri a\u021bi avea nevoie. Cele mai solicitate cursuri vor fi realizate cel mai devreme.<\/p>\t\t\t\t\t\t\t\t<\/div>\n\t\t\t\t<\/div>\n\t\t\t\t<\/div>\n\t\t<div class=\"elementor-element elementor-element-43aa4e1 e-flex e-con-boxed e-con e-parent\" data-id=\"43aa4e1\" data-element_type=\"container\" data-e-type=\"container\">\n\t\t\t\t\t<div class=\"e-con-inner\">\n\t\t\t\t<div class=\"elementor-element elementor-element-6f85d06 elementor-align-center elementor-widget elementor-widget-button\" data-id=\"6f85d06\" data-element_type=\"widget\" data-e-type=\"widget\" data-widget_type=\"button.default\">\n\t\t\t\t<div class=\"elementor-widget-container\">\n\t\t\t\t\t\t\t\t\t<div class=\"elementor-button-wrapper\">\n\t\t\t\t\t<a class=\"elementor-button elementor-button-link elementor-size-sm\" href=\"https:\/\/socialtm.ro\/CARE4U\/comunitate\/\">\n\t\t\t\t\t\t<span class=\"elementor-button-content-wrapper\">\n\t\t\t\t\t\t<span class=\"elementor-button-icon\">\n\t\t\t\t<svg aria-hidden=\"true\" class=\"e-font-icon-svg e-fab-forumbee\" viewBox=\"0 0 448 512\" xmlns=\"http:\/\/www.w3.org\/2000\/svg\"><path d=\"M5.8 309.7C2 292.7 0 275.5 0 258.3 0 135 99.8 35 223.1 35c16.6 0 33.3 2 49.3 5.5C149 87.5 51.9 186 5.8 309.7zm392.9-189.2C385 103 369 87.8 350.9 75.2c-149.6 44.3-266.3 162.1-309.7 312 12.5 18.1 28 35.6 45.2 49 43.1-151.3 161.2-271.7 312.3-315.7zm15.8 252.7c15.2-25.1 25.4-53.7 29.5-82.8-79.4 42.9-145 110.6-187.6 190.3 30-4.4 58.9-15.3 84.6-31.3 35 13.1 70.9 24.3 107 33.6-9.3-36.5-20.4-74.5-33.5-109.8zm29.7-145.5c-2.6-19.5-7.9-38.7-15.8-56.8C290.5 216.7 182 327.5 137.1 466c18.1 7.6 37 12.5 56.6 15.2C240 367.1 330.5 274.4 444.2 227.7z\"><\/path><\/svg>\t\t\t<\/span>\n\t\t\t\t\t\t\t\t\t<span class=\"elementor-button-text\">FORUM<\/span>\n\t\t\t\t\t<\/span>\n\t\t\t\t\t<\/a>\n\t\t\t\t<\/div>\n\t\t\t\t\t\t\t\t<\/div>\n\t\t\t\t<\/div>\n\t\t\t\t\t<\/div>\n\t\t\t\t<\/div>\n\t\t\t\t<\/div>\n\t\t","protected":false},"excerpt":{"rendered":"<p>\u0218tim c\u0103 timpul vostru liber este limitat \u0219i imprevizibil a\u0219a c\u0103 vom crea \u0219i publica aici resurse educa\u021bionale care s\u0103 v\u0103 ajute s\u0103 c\u0103p\u0103ta\u021bi diferite micro-competen\u021be \u00een mod rapid, pe care s\u0103 le pute\u021bi accesa oric\u00e2nd ave\u021bi un pic de timp, de pe orice dispozitiv. Toate competente IT comunicare limba engleza comunicare Storrytelling &#8211; comunicare [&hellip;]<\/p>\n","protected":false},"author":1,"featured_media":0,"parent":0,"menu_order":0,"comment_status":"closed","ping_status":"closed","template":"elementor_theme","meta":{"site-sidebar-layout":"no-sidebar","site-content-layout":"page-builder","ast-site-content-layout":"normal-width-container","site-content-style":"default","site-sidebar-style":"default","ast-global-header-display":"","ast-banner-title-visibility":"","ast-main-header-display":"","ast-hfb-above-header-display":"","ast-hfb-below-header-display":"","ast-hfb-mobile-header-display":"","site-post-title":"","ast-breadcrumbs-content":"","ast-featured-img":"disabled","footer-sml-layout":"","theme-transparent-header-meta":"default","adv-header-id-meta":"","stick-header-meta":"","header-above-stick-meta":"","header-main-stick-meta":"","header-below-stick-meta":"","astra-migrate-meta-layouts":"set","ast-page-background-enabled":"default","ast-page-background-meta":{"desktop":{"background-color":"","background-image":"","background-repeat":"repeat","background-position":"center center","background-size":"auto","background-attachment":"scroll","background-type":"","background-media":"","overlay-type":"","overlay-color":"","overlay-opacity":"","overlay-gradient":""},"tablet":{"background-color":"","background-image":"","background-repeat":"repeat","background-position":"center center","background-size":"auto","background-attachment":"scroll","background-type":"","background-media":"","overlay-type":"","overlay-color":"","overlay-opacity":"","overlay-gradient":""},"mobile":{"background-color":"","background-image":"","background-repeat":"repeat","background-position":"center center","background-size":"auto","background-attachment":"scroll","background-type":"","background-media":"","overlay-type":"","overlay-color":"","overlay-opacity":"","overlay-gradient":""}},"ast-content-background-meta":{"desktop":{"background-color":"var(--ast-global-color-5)","background-image":"","background-repeat":"repeat","background-position":"center center","background-size":"auto","background-attachment":"scroll","background-type":"","background-media":"","overlay-type":"","overlay-color":"","overlay-opacity":"","overlay-gradient":""},"tablet":{"background-color":"var(--ast-global-color-5)","background-image":"","background-repeat":"repeat","background-position":"center center","background-size":"auto","background-attachment":"scroll","background-type":"","background-media":"","overlay-type":"","overlay-color":"","overlay-opacity":"","overlay-gradient":""},"mobile":{"background-color":"var(--ast-global-color-5)","background-image":"","background-repeat":"repeat","background-position":"center center","background-size":"auto","background-attachment":"scroll","background-type":"","background-media":"","overlay-type":"","overlay-color":"","overlay-opacity":"","overlay-gradient":""}},"footnotes":""},"class_list":["post-4077","page","type-page","status-publish","hentry"],"_links":{"self":[{"href":"https:\/\/socialtm.ro\/CARE4U\/wp-json\/wp\/v2\/pages\/4077","targetHints":{"allow":["GET"]}}],"collection":[{"href":"https:\/\/socialtm.ro\/CARE4U\/wp-json\/wp\/v2\/pages"}],"about":[{"href":"https:\/\/socialtm.ro\/CARE4U\/wp-json\/wp\/v2\/types\/page"}],"author":[{"embeddable":true,"href":"https:\/\/socialtm.ro\/CARE4U\/wp-json\/wp\/v2\/users\/1"}],"replies":[{"embeddable":true,"href":"https:\/\/socialtm.ro\/CARE4U\/wp-json\/wp\/v2\/comments?post=4077"}],"version-history":[{"count":31,"href":"https:\/\/socialtm.ro\/CARE4U\/wp-json\/wp\/v2\/pages\/4077\/revisions"}],"predecessor-version":[{"id":4281,"href":"https:\/\/socialtm.ro\/CARE4U\/wp-json\/wp\/v2\/pages\/4077\/revisions\/4281"}],"wp:attachment":[{"href":"https:\/\/socialtm.ro\/CARE4U\/wp-json\/wp\/v2\/media?parent=4077"}],"curies":[{"name":"wp","href":"https:\/\/api.w.org\/{rel}","templated":true}]}}