{"id":3965,"date":"2024-09-16T09:49:29","date_gmt":"2024-09-16T09:49:29","guid":{"rendered":"https:\/\/socialtm.ro\/CARE4U\/?page_id=3965"},"modified":"2024-11-21T01:03:37","modified_gmt":"2024-11-20T23:03:37","slug":"retea-servicii","status":"publish","type":"page","link":"https:\/\/socialtm.ro\/CARE4U\/retea-servicii\/","title":{"rendered":"Servicii pentru copii"},"content":{"rendered":"\t\t<div data-elementor-type=\"wp-page\" data-elementor-id=\"3965\" class=\"elementor elementor-3965\">\n\t\t\t\t<div class=\"elementor-element elementor-element-d7f52f1 e-flex e-con-boxed e-con e-parent\" data-id=\"d7f52f1\" data-element_type=\"container\" data-e-type=\"container\">\n\t\t\t\t\t<div class=\"e-con-inner\">\n\t\t\t\t<div class=\"elementor-element elementor-element-8ac6bfe elementor-widget__width-inherit elementor-widget elementor-widget-html\" data-id=\"8ac6bfe\" data-element_type=\"widget\" data-e-type=\"widget\" data-widget_type=\"html.default\">\n\t\t\t\t<div class=\"elementor-widget-container\">\n\t\t\t\t\t<iframe src=\"https:\/\/www.google.com\/maps\/d\/embed?mid=1qnTy4jM0ElZZcVZE0LFqpzsUj-2t3mQ&ehbc=2E312F&noprof=1\" width=\"100%\" height=\"600\"><\/iframe>\t\t\t\t<\/div>\n\t\t\t\t<\/div>\n\t\t\t\t\t<\/div>\n\t\t\t\t<\/div>\n\t\t<div class=\"elementor-element elementor-element-6419c11 e-flex e-con-boxed e-con e-parent\" data-id=\"6419c11\" data-element_type=\"container\" data-e-type=\"container\">\n\t\t\t\t\t<div class=\"e-con-inner\">\n\t\t\t\t<div class=\"elementor-element elementor-element-432cd6d elementor-widget elementor-widget-html\" data-id=\"432cd6d\" data-element_type=\"widget\" data-e-type=\"widget\" data-widget_type=\"html.default\">\n\t\t\t\t<div class=\"elementor-widget-container\">\n\t\t\t\t\t<table class=\"waffle\" cellspacing=\"0\" cellpadding=\"0\">\r\n<thead><tr>\r\n<th id=\"1402739704C0\" style=\"width:287px;\" class=\"column-headers-background\">Serviciu<\/th>\r\n<th id=\"1402739704C1\" style=\"width:208px;\" class=\"column-headers-background\">Adresa<\/th><th id=\"1402739704C2\" style=\"width:174px;\" class=\"column-headers-background\">Telefon<\/th><th id=\"1402739704C3\" style=\"width:100px;\" class=\"column-headers-background\">Observatii<\/th>\r\n<\/tr><\/thead>\r\n<tbody>\r\n<tr style=\"height: 20px\"><td class=\"s2\" dir=\"ltr\"><a target=\"_blank\" href=\"https:\/\/www.spital-copii-timisoara.info\/\">Spitalul Clinic de Urgenta pentru Copii Louis turcanu Timisoara<\/a><\/td><td class=\"s1 softmerge\" dir=\"ltr\"><div class=\"softmerge-inner\" style=\"width:205px;left:-1px\">Dr. Iosif Nemoianu, nr. 22 , Timisoara<\/div><\/td><td class=\"s1\" dir=\"ltr\">0256 203303<\/td><td class=\"s3\"><\/td><\/tr><tr style=\"height: 20px\"><td class=\"s2\" dir=\"ltr\"><a target=\"_blank\" href=\"https:\/\/www.medicover.ro\/\">Clinica Medicover Timisoara<\/a><\/td><td class=\"s1\" dir=\"ltr\">Bulevardul Mihai Eminescu nr. 1<\/td><td class=\"s1\" dir=\"ltr\">021 9896<\/td><td class=\"s4 softmerge\" dir=\"ltr\"><div class=\"softmerge-inner\" style=\"width:398px;left:-1px\">Dr. Stoica Florina, pentru dispensarizarea prematurilor<\/div><\/td><\/tr><tr style=\"height: 20px\"><td class=\"s2\" dir=\"ltr\"><a target=\"_blank\" href=\"https:\/\/drbacos.ro\/\">Centrul medical Dr. Bacos Cozma<\/a><\/td><td class=\"s1 softmerge\" dir=\"ltr\"><div class=\"softmerge-inner\" style=\"width:205px;left:-1px\">str. Federic Mistral nr. 22 , Timisoara<\/div><\/td><td class=\"s1\" dir=\"ltr\">0256 201836<\/td><td class=\"s4 softmerge\" dir=\"ltr\"><div class=\"softmerge-inner\" style=\"width:398px;left:-1px\">Policlinici private pentru dispensarizare neurologica \/<\/div><\/td><\/tr><tr style=\"height: 20px\"><td class=\"s2\" dir=\"ltr\"><a target=\"_blank\" href=\"https:\/\/www.boia.ro\/\">Policlinica Dr. Boia<\/a><\/td><td class=\"s1 softmerge\" dir=\"ltr\"><div class=\"softmerge-inner\" style=\"width:205px;left:-1px\">str. Gospodarilor nr. 42A , Timisoara<\/div><\/td><td class=\"s1\" dir=\"ltr\">0356 104252<\/td><td class=\"s4 softmerge\" dir=\"ltr\"><div class=\"softmerge-inner\" style=\"width:498px;left:-1px\">Evaluare pediatrica, neonatala, ecografie transfontanelara, consult cardiologic<\/div><\/td><\/tr><tr style=\"height: 20px\"><td class=\"s2\" dir=\"ltr\"><a target=\"_blank\" href=\"https:\/\/socialtm.ro\/centrul-de-recuperare-pentru-copii-cu-dizabilitati-podul-lung\/\">Centrul de Recuperare pentru Copii cu Dizabilitati \u201ePodul Lung\u201d<\/a><\/td><td class=\"s1 softmerge\" dir=\"ltr\"><div class=\"softmerge-inner\" style=\"width:205px;left:-1px\">str. Cornelia Salceanu nr.17 , Timisoara<\/div><\/td><td class=\"s1\" dir=\"ltr\">0256 202585<\/td><td class=\"s4 softmerge\" dir=\"ltr\"><div class=\"softmerge-inner\" style=\"width:398px;left:-1px\">Directia de Asistenta Sociala a Municipiului Timisoara<\/div><\/td><\/tr><tr style=\"height: 20px\"><td class=\"s2\" dir=\"ltr\"><a target=\"_blank\" href=\"https:\/\/www.dgaspctm.ro\/pages\/centrul-de-recuperare-si-reabilitare-neuropsihiatrica-pentru-copii-timisoara\">Centrul de Recuperare si Reabilitare Neuropsihiatrica pentru Copii Timisoara \/ Centrul de zi de recuperare pentru copii cu dizabilitati<\/a><\/td><td class=\"s1\" dir=\"ltr\">Piata Regina Maria nr. 3 , Timisoara<\/td><td class=\"s1\" dir=\"ltr\">0256 499760<\/td><td class=\"s4 softmerge\" dir=\"ltr\"><div class=\"softmerge-inner\" style=\"width:398px;left:-1px\">Directia Generala de Asistenta Sociala si Protectia Copilului Timis<\/div><\/td><\/tr><tr style=\"height: 20px\"><td class=\"s2\" dir=\"ltr\"><a target=\"_blank\" href=\"https:\/\/casafaenza.ro\/\">Asociatia Casa Faenza<\/a><\/td><td class=\"s1 softmerge\" dir=\"ltr\"><div class=\"softmerge-inner\" style=\"width:205px;left:-1px\">str. Aleea Sanatatii nr. 15, Timisoara<\/div><\/td><td class=\"s1\" dir=\"ltr\">0356 101409<\/td><td class=\"s4 softmerge\" dir=\"ltr\"><div class=\"softmerge-inner\" style=\"width:198px;left:-1px\">Centrul de zi pentru copii autisti<\/div><\/td><\/tr><tr style=\"height: 20px\"><td class=\"s2\" dir=\"ltr\"><a target=\"_blank\" href=\"https:\/\/micilecomori.ro\/\">Asociatia Micile Comori<\/a><\/td><td class=\"s1 softmerge\" dir=\"ltr\"><div class=\"softmerge-inner\" style=\"width:205px;left:-1px\">str. Divizia 9 Cavalerie nr. 64, Timisoara<\/div><\/td><td class=\"s1\" dir=\"ltr\">0751 111954<\/td><td class=\"s4 softmerge\" dir=\"ltr\"><div class=\"softmerge-inner\" style=\"width:398px;left:-1px\">Centrul de zi pentru copii cu dizabilitati \u201eimpreuna\u201d 0-6 ani<\/div><\/td><\/tr><tr style=\"height: 20px\"><td class=\"s2\" dir=\"ltr\"><a target=\"_blank\" href=\"https:\/\/www.fundatia-speranta.ro\/\">Fundatia de abilitare Speranta<\/a><\/td><td class=\"s1\" dir=\"ltr\">str. Aurel Popovici nr. 17, Timisoara<\/td><td class=\"s1\" dir=\"ltr\">0256 274 466<\/td><td class=\"s3\"><\/td><\/tr><tr style=\"height: 20px\"><td class=\"s2\" dir=\"ltr\"><a target=\"_blank\" href=\"https:\/\/www.copii-si-zane.ro\/\">Asociatia Copii si Zane<\/a><\/td><td class=\"s1\" dir=\"ltr\">str. Traian Vuia nr. 146, Timisoara<\/td><td class=\"s1\" dir=\"ltr\">0726 339219<\/td><td class=\"s3\"><\/td><\/tr><tr style=\"height: 20px\"><td class=\"s2\" dir=\"ltr\"><a target=\"_blank\" href=\"https:\/\/centrulmarisa.ro\/\">Centrul de Recuperare Marisa<\/a><\/td><td class=\"s1 softmerge\" dir=\"ltr\"><div class=\"softmerge-inner\" style=\"width:205px;left:-1px\">str. Gheorghe Adam nr. 17, Timisoara<\/div><\/td><td class=\"s1\" dir=\"ltr\">0737 289809<\/td><td class=\"s3\"><\/td><\/tr><tr style=\"height: 20px\"><td class=\"s2\" dir=\"ltr\"><a target=\"_blank\" href=\"https:\/\/fundatia-estera.ro\/\">Fundatia Estera<\/a><\/td><td class=\"s1\" dir=\"ltr\">str. Timotei Cipariu, Timisoara<\/td><td class=\"s1\" dir=\"ltr\">0256 492862<\/td><td class=\"s4 softmerge\" dir=\"ltr\"><div class=\"softmerge-inner\" style=\"width:298px;left:-1px\">vocea copiilor nenascuti, consilierea mamicilor<\/div><\/td><\/tr><tr style=\"height: 20px\"><td class=\"s2\" dir=\"ltr\"><a target=\"_blank\" href=\"https:\/\/www.horsemotion.ro\/\">Asociatia \u201eHorsEmotion\u201d<\/a><\/td><td class=\"s1\" dir=\"ltr\">Ianova, jud. Timis<\/td><td class=\"s1\" dir=\"ltr\">0721 201930<\/td><td class=\"s4 softmerge\" dir=\"ltr\"><div class=\"softmerge-inner\" style=\"width:198px;left:-1px\">Hipoterapie si dresaj<\/div><\/td><\/tr><tr style=\"height: 20px\"><td class=\"s2\" dir=\"ltr\"><a target=\"_blank\" href=\"https:\/\/www.mamicafarafrica.ro\/\">Asociatia \u201escoala Mamei Junior\u201d<\/a><\/td><td class=\"s1 softmerge\" dir=\"ltr\"><div class=\"softmerge-inner\" style=\"width:205px;left:-1px\">Str. Stan Vidrighin, nr. 12a, interfon 04, Timisoara<\/div><\/td><td class=\"s1\" dir=\"ltr\">0723 762175<\/td><td class=\"s3\"><\/td><\/tr><tr style=\"height: 20px\"><td class=\"s2\" dir=\"ltr\"><a target=\"_blank\" href=\"https:\/\/www.scolioclinic.ro\/\">Clinica de scolioza \u201eMuller\u201d<\/a><\/td><td class=\"s1 softmerge\" dir=\"ltr\"><div class=\"softmerge-inner\" style=\"width:205px;left:-1px\">Str. Gheorghe Lazar, nr. 9, Timisoara<\/div><\/td><td class=\"s1\" dir=\"ltr\">0773 909331<\/td><td class=\"s3\"><\/td><\/tr><tr style=\"height: 20px\"><td class=\"s2\" dir=\"ltr\"><a target=\"_blank\" href=\"https:\/\/www.clinicaneoped.ro\/\">Centrul de Pediatrie \u201eNeoped\u201d<\/a><\/td><td class=\"s1\" dir=\"ltr\">Str. Hebe, nr. 13, Timisoara<\/td><td class=\"s1\" dir=\"ltr\">0746 092102<\/td><td class=\"s3\"><\/td><\/tr><tr style=\"height: 20px\"><td class=\"s2\" dir=\"ltr\"><a target=\"_blank\" href=\"https:\/\/institutulbrainmap.ro\/\">Institutul \u201eBrainMap Neuroscience\u201d Timisoara<\/a><\/td><td class=\"s1 softmerge\" dir=\"ltr\"><div class=\"softmerge-inner\" style=\"width:205px;left:-1px\">Calea Aradului, nr. 1, parter Complex Nord One, Timisoara<\/div><\/td><td class=\"s1\" dir=\"ltr\">0371 710027<\/td><td class=\"s3\"><\/td><\/tr><tr style=\"height: 20px\"><td class=\"s2\" dir=\"ltr\"><a target=\"_blank\" href=\"https:\/\/www.spital-copii-timisoara.info\/\">Clinica de Neuropsihiatrie Infantila<\/a><\/td><td class=\"s1\" dir=\"ltr\">Str. Corbului, nr. 7c, Timisoara<\/td><td class=\"s1\" dir=\"ltr\">0256 201976<\/td><td class=\"s3\"><\/td><\/tr><tr style=\"height: 20px\"><td class=\"s2\" dir=\"ltr\"><a target=\"_blank\" href=\"https:\/\/medanima.ro\/\">\u201eMedAnima\u201d - clinica de sanatate mentala<\/a><\/td><td class=\"s1 softmerge\" dir=\"ltr\"><div class=\"softmerge-inner\" style=\"width:205px;left:-1px\">Str. Simion Barnutiu, nr. 34, Timisoara<\/div><\/td><td class=\"s1\" dir=\"ltr\">0356 800300 \/ 0754 431431<\/td><td class=\"s3\"><\/td><\/tr><tr style=\"height: 20px\"><td class=\"s2\" dir=\"ltr\"><a target=\"_blank\" href=\"https:\/\/clinica-hope.ro\/\">Clinica \u201eHope\u201d Psihiatrie si Psihoterapie<\/a><\/td><td class=\"s1 softmerge\" dir=\"ltr\"><div class=\"softmerge-inner\" style=\"width:205px;left:-1px\">Str. Independentei nr. 11 A, Timisoara<\/div><\/td><td class=\"s1\" dir=\"ltr\">0751 497995 \/ 0374 554321<\/td><td class=\"s3\"><\/td><\/tr><tr style=\"height: 20px\"><td class=\"s2\" dir=\"ltr\"><a target=\"_blank\" href=\"https:\/\/kidklinik.ro\/\">Cabinet de Pediatrie \u201eKid Klinik\u201d<\/a><\/td><td class=\"s1\" dir=\"ltr\">Str. Iosif Nemoianu, nr. 9, Timisoara<\/td><td class=\"s1\" dir=\"ltr\">0770 845834 \/ 0723 376313<\/td><td class=\"s3\"><\/td><\/tr><tr style=\"height: 20px\"><td class=\"s2\" dir=\"ltr\"><a target=\"_blank\" href=\"https:\/\/pedihelp.ro\/\">Clinica de Pediatrie \u201ePedi-Help\u201d<\/a><\/td><td class=\"s1 softmerge\" dir=\"ltr\"><div class=\"softmerge-inner\" style=\"width:205px;left:-1px\">Str. Constantin cel Mare, nr. 31, Timisoara<\/div><\/td><td class=\"s1\" dir=\"ltr\">0742 880541<\/td><td class=\"s3\"><\/td><\/tr><tr style=\"height: 20px\"><td class=\"s2\" dir=\"ltr\"><a target=\"_blank\" href=\"https:\/\/centrulklass.ro\/\">Centrul Medical \u201eKlass Kinetica\u201d<\/a><\/td><td class=\"s1\" dir=\"ltr\">P-ta Axente Sever, nr. 2, Timisoara<\/td><td class=\"s1\" dir=\"ltr\">0256 489789<\/td><td class=\"s3\"><\/td><\/tr><tr style=\"height: 20px\"><td class=\"s2\" dir=\"ltr\"><a target=\"_blank\" href=\"https:\/\/centrulelisar.ro\/\">Centrul de Recuperare si Reabilitare Neurologica Elisar<\/a><\/td><td class=\"s1 softmerge\" dir=\"ltr\"><div class=\"softmerge-inner\" style=\"width:205px;left:-1px\">Str. Alexandru Donici, nr. 27, Timisoara<\/div><\/td><td class=\"s1\" dir=\"ltr\">0730 919414<\/td><td><\/td><\/tr><\/tbody><\/table><\/div>\t\t\t\t<\/div>\n\t\t\t\t<\/div>\n\t\t\t\t\t<\/div>\n\t\t\t\t<\/div>\n\t\t<div class=\"elementor-element elementor-element-2aff712 e-flex e-con-boxed e-con e-parent\" data-id=\"2aff712\" data-element_type=\"container\" data-e-type=\"container\">\n\t\t\t\t\t<div class=\"e-con-inner\">\n\t\t\t\t<div class=\"elementor-element elementor-element-48eef15 elementor-widget__width-initial elementor-widget elementor-widget-text-editor\" data-id=\"48eef15\" data-element_type=\"widget\" data-e-type=\"widget\" data-widget_type=\"text-editor.default\">\n\t\t\t\t<div class=\"elementor-widget-container\">\n\t\t\t\t\t\t\t\t\t<div class=\"ahS2Le\"><h3 class=\"F9yp7e ikZYwf LgNcQe\" dir=\"auto\" style=\"text-align: center;\" role=\"heading\" aria-level=\"1\">Lipse\u0219te ceva?<\/h3><\/div><div class=\"cBGGJ OIC90c\" dir=\"auto\"><p>Dac\u0103 \u0219tii de vreun serviciu adresat copiilor cu dizabilit\u0103\u021bi \u0219i familiilor lor care ar mai trebui s\u0103 fie pe aceast\u0103 list\u0103, scrie-ne pe FORUM la topicul <strong>Servicii \u00een Timi\u0219oara<\/strong> \u0219i \u00eel vom ad\u0103uga.<\/p><div>D\u0103-ne c\u00e2t mai multe detalii ca s\u0103-l putem identifica.<\/div><\/div>\t\t\t\t\t\t\t\t<\/div>\n\t\t\t\t<\/div>\n\t\t\t\t\t<\/div>\n\t\t\t\t<\/div>\n\t\t<div class=\"elementor-element elementor-element-2ea2450 e-flex e-con-boxed e-con e-parent\" data-id=\"2ea2450\" data-element_type=\"container\" data-e-type=\"container\">\n\t\t\t\t\t<div class=\"e-con-inner\">\n\t\t\t\t<div class=\"elementor-element elementor-element-6b306ed elementor-align-center elementor-widget elementor-widget-button\" data-id=\"6b306ed\" data-element_type=\"widget\" data-e-type=\"widget\" data-widget_type=\"button.default\">\n\t\t\t\t<div class=\"elementor-widget-container\">\n\t\t\t\t\t\t\t\t\t<div class=\"elementor-button-wrapper\">\n\t\t\t\t\t<a class=\"elementor-button elementor-button-link elementor-size-sm\" href=\"https:\/\/socialtm.ro\/CARE4U\/comunitate\">\n\t\t\t\t\t\t<span class=\"elementor-button-content-wrapper\">\n\t\t\t\t\t\t<span class=\"elementor-button-icon\">\n\t\t\t\t<svg aria-hidden=\"true\" class=\"e-font-icon-svg e-fab-forumbee\" viewBox=\"0 0 448 512\" xmlns=\"http:\/\/www.w3.org\/2000\/svg\"><path d=\"M5.8 309.7C2 292.7 0 275.5 0 258.3 0 135 99.8 35 223.1 35c16.6 0 33.3 2 49.3 5.5C149 87.5 51.9 186 5.8 309.7zm392.9-189.2C385 103 369 87.8 350.9 75.2c-149.6 44.3-266.3 162.1-309.7 312 12.5 18.1 28 35.6 45.2 49 43.1-151.3 161.2-271.7 312.3-315.7zm15.8 252.7c15.2-25.1 25.4-53.7 29.5-82.8-79.4 42.9-145 110.6-187.6 190.3 30-4.4 58.9-15.3 84.6-31.3 35 13.1 70.9 24.3 107 33.6-9.3-36.5-20.4-74.5-33.5-109.8zm29.7-145.5c-2.6-19.5-7.9-38.7-15.8-56.8C290.5 216.7 182 327.5 137.1 466c18.1 7.6 37 12.5 56.6 15.2C240 367.1 330.5 274.4 444.2 227.7z\"><\/path><\/svg>\t\t\t<\/span>\n\t\t\t\t\t\t\t\t\t<span class=\"elementor-button-text\">FORUM<\/span>\n\t\t\t\t\t<\/span>\n\t\t\t\t\t<\/a>\n\t\t\t\t<\/div>\n\t\t\t\t\t\t\t\t<\/div>\n\t\t\t\t<\/div>\n\t\t\t\t\t<\/div>\n\t\t\t\t<\/div>\n\t\t\t\t<\/div>\n\t\t","protected":false},"excerpt":{"rendered":"<p>Serviciu Adresa Telefon Observatii Spitalul Clinic de Urgenta pentru Copii Louis turcanu Timisoara Dr. Iosif Nemoianu, nr. 22 , Timisoara 0256 203303 Clinica Medicover Timisoara Bulevardul Mihai Eminescu nr. 1 021 9896 Dr. Stoica Florina, pentru dispensarizarea prematurilor Centrul medical Dr. Bacos Cozma str. Federic Mistral nr. 22 , Timisoara 0256 201836 Policlinici private pentru [&hellip;]<\/p>\n","protected":false},"author":1,"featured_media":0,"parent":0,"menu_order":0,"comment_status":"closed","ping_status":"closed","template":"elementor_theme","meta":{"site-sidebar-layout":"default","site-content-layout":"page-builder","ast-site-content-layout":"default","site-content-style":"default","site-sidebar-style":"default","ast-global-header-display":"","ast-banner-title-visibility":"","ast-main-header-display":"","ast-hfb-above-header-display":"","ast-hfb-below-header-display":"","ast-hfb-mobile-header-display":"","site-post-title":"","ast-breadcrumbs-content":"","ast-featured-img":"disabled","footer-sml-layout":"","theme-transparent-header-meta":"default","adv-header-id-meta":"","stick-header-meta":"","header-above-stick-meta":"","header-main-stick-meta":"","header-below-stick-meta":"","astra-migrate-meta-layouts":"set","ast-page-background-enabled":"default","ast-page-background-meta":{"desktop":{"background-color":"","background-image":"","background-repeat":"repeat","background-position":"center center","background-size":"auto","background-attachment":"scroll","background-type":"","background-media":"","overlay-type":"","overlay-color":"","overlay-opacity":"","overlay-gradient":""},"tablet":{"background-color":"","background-image":"","background-repeat":"repeat","background-position":"center center","background-size":"auto","background-attachment":"scroll","background-type":"","background-media":"","overlay-type":"","overlay-color":"","overlay-opacity":"","overlay-gradient":""},"mobile":{"background-color":"","background-image":"","background-repeat":"repeat","background-position":"center center","background-size":"auto","background-attachment":"scroll","background-type":"","background-media":"","overlay-type":"","overlay-color":"","overlay-opacity":"","overlay-gradient":""}},"ast-content-background-meta":{"desktop":{"background-color":"var(--ast-global-color-5)","background-image":"","background-repeat":"repeat","background-position":"center center","background-size":"auto","background-attachment":"scroll","background-type":"","background-media":"","overlay-type":"","overlay-color":"","overlay-opacity":"","overlay-gradient":""},"tablet":{"background-color":"var(--ast-global-color-5)","background-image":"","background-repeat":"repeat","background-position":"center center","background-size":"auto","background-attachment":"scroll","background-type":"","background-media":"","overlay-type":"","overlay-color":"","overlay-opacity":"","overlay-gradient":""},"mobile":{"background-color":"var(--ast-global-color-5)","background-image":"","background-repeat":"repeat","background-position":"center center","background-size":"auto","background-attachment":"scroll","background-type":"","background-media":"","overlay-type":"","overlay-color":"","overlay-opacity":"","overlay-gradient":""}},"footnotes":""},"class_list":["post-3965","page","type-page","status-publish","hentry"],"_links":{"self":[{"href":"https:\/\/socialtm.ro\/CARE4U\/wp-json\/wp\/v2\/pages\/3965","targetHints":{"allow":["GET"]}}],"collection":[{"href":"https:\/\/socialtm.ro\/CARE4U\/wp-json\/wp\/v2\/pages"}],"about":[{"href":"https:\/\/socialtm.ro\/CARE4U\/wp-json\/wp\/v2\/types\/page"}],"author":[{"embeddable":true,"href":"https:\/\/socialtm.ro\/CARE4U\/wp-json\/wp\/v2\/users\/1"}],"replies":[{"embeddable":true,"href":"https:\/\/socialtm.ro\/CARE4U\/wp-json\/wp\/v2\/comments?post=3965"}],"version-history":[{"count":42,"href":"https:\/\/socialtm.ro\/CARE4U\/wp-json\/wp\/v2\/pages\/3965\/revisions"}],"predecessor-version":[{"id":4257,"href":"https:\/\/socialtm.ro\/CARE4U\/wp-json\/wp\/v2\/pages\/3965\/revisions\/4257"}],"wp:attachment":[{"href":"https:\/\/socialtm.ro\/CARE4U\/wp-json\/wp\/v2\/media?parent=3965"}],"curies":[{"name":"wp","href":"https:\/\/api.w.org\/{rel}","templated":true}]}}